{"id":1405,"date":"2018-03-16T18:54:17","date_gmt":"2018-03-16T17:54:17","guid":{"rendered":"https:\/\/jedisseny.com\/?page_id=1405"},"modified":"2018-04-25T18:15:48","modified_gmt":"2018-04-25T17:15:48","slug":"parques","status":"publish","type":"page","link":"https:\/\/jedisseny.com\/es\/productos\/parques\/","title":{"rendered":"Parqu\u00e9s"},"content":{"rendered":"<p><div class=\"fusion-fullwidth fullwidth-box fusion-parallax-none nonhundred-percent-fullwidth non-hundred-percent-height-scrolling\"  style='background-color: rgba(255,255,255,0);background-image: url(\"http:\/\/jedisseny.com\/wp-content\/uploads\/2018\/02\/Je-disseny-Parquets-t\u00edtol-1024x314.jpg\");background-position: center center;background-repeat: no-repeat;padding-top:110px;padding-right:0px;padding-bottom:50px;padding-left:0px;border-top-width:0px;border-bottom-width:0px;border-color:#eae9e9;border-top-style:solid;border-bottom-style:solid;-webkit-background-size:cover;-moz-background-size:cover;-o-background-size:cover;background-size:cover;'><div class=\"fusion-builder-row fusion-row \"><div  class=\"fusion-layout-column fusion_builder_column fusion_builder_column_1_3  fusion-one-third fusion-column-first 1_3\"  style='margin-top:0px;margin-bottom:0px;width:30.6666%; margin-right: 4%;'>\n\t\t\t\t\t<div class=\"fusion-column-wrapper\" style=\"border-right:3px solid #ffffff;padding: 0px 0px 0px 0px;background-position:right center;background-repeat:no-repeat;-webkit-background-size:cover;-moz-background-size:cover;-o-background-size:cover;background-size:cover;\"  data-bg-url=\"\">\n\t\t\t\t\t\t<div class=\"fusion-text\"><h2><span style=\"color: #ffffff;\">PARQU\u00c9S<\/span><\/h2>\n<\/div><div class=\"fusion-clearfix\"><\/div>\n\n\t\t\t\t\t<\/div>\n\t\t\t\t<\/div><div  class=\"fusion-layout-column fusion_builder_column fusion_builder_column_2_3  fusion-two-third fusion-column-last 2_3\"  style='margin-top:0px;margin-bottom:100px;width:65.3333%'>\n\t\t\t\t\t<div class=\"fusion-column-wrapper\" style=\"padding: 0px 0px 0px 0px;background-position:left top;background-repeat:no-repeat;-webkit-background-size:cover;-moz-background-size:cover;-o-background-size:cover;background-size:cover;\"  data-bg-url=\"\">\n\t\t\t\t\t\t<div class=\"fusion-text\"><h3><\/h3>\n<\/div><div class=\"fusion-clearfix\"><\/div>\n\n\t\t\t\t\t<\/div>\n\t\t\t\t<\/div><\/div><\/div><div class=\"fusion-fullwidth fullwidth-box nonhundred-percent-fullwidth non-hundred-percent-height-scrolling\"  style='background-color: rgba(255,255,255,0);background-position: left top;background-repeat: no-repeat;padding-top:50px;padding-right:0px;padding-bottom:30px;padding-left:0px;border-top-width:0px;border-bottom-width:0px;border-color:#eae9e9;border-top-style:solid;border-bottom-style:solid;'><div class=\"fusion-builder-row fusion-row \"><div  class=\"fusion-layout-column fusion_builder_column fusion_builder_column_1_1  fusion-one-full fusion-column-first fusion-column-last 1_1\"  style='margin-top:0px;margin-bottom:0px;'>\n\t\t\t\t\t<div class=\"fusion-column-wrapper\" style=\"border-right:3px solid #e0dede;padding: 0px 0px 0px 0px;background-position:right center;background-repeat:no-repeat;-webkit-background-size:cover;-moz-background-size:cover;-o-background-size:cover;background-size:cover;\"  data-bg-url=\"\">\n\t\t\t\t\t\t<div class=\"fusion-text\"><h2>Parqu\u00e9s de madera, laminados y de vinilo<\/h2>\n<\/div><div class=\"fusion-clearfix\"><\/div>\n\n\t\t\t\t\t<\/div>\n\t\t\t\t<\/div><\/div><\/div><div class=\"fusion-fullwidth fullwidth-box nonhundred-percent-fullwidth non-hundred-percent-height-scrolling fusion-equal-height-columns\"  style='background-color: rgba(255,255,255,0);background-position: left top;background-repeat: no-repeat;padding-top:35px;padding-right:0px;padding-bottom:10px;padding-left:0px;border-top-width:0px;border-bottom-width:0px;border-color:#eae9e9;border-top-style:solid;border-bottom-style:solid;'><div class=\"fusion-builder-row fusion-row \"><div  class=\"fusion-layout-column fusion_builder_column fusion_builder_column_1_3  fusion-one-third fusion-column-first fusion-blend-mode 1_3\"  style='margin-top:0px;margin-bottom:40px;width:30.6666%; margin-right: 4%;'>\n\t\t\t\t\t<div class=\"fusion-column-wrapper\" style=\"background-color:#f8f8f8;padding: 0px 0px 0px 0px;background-position:left top;background-repeat:no-repeat;-webkit-background-size:cover;-moz-background-size:cover;-o-background-size:cover;background-size:cover;\"  data-bg-url=\"\">\n\t\t\t\t\t\t<div class=\"imageframe-align-center\"><span class=\"fusion-imageframe imageframe-none imageframe-1 hover-type-zoomin\"><a href=\"http:\/\/jedisseny.com\/wp-content\/uploads\/2018\/02\/Je-Disseny-Parquets-Berti-1.jpg\" class=\"fusion-lightbox\" data-rel=\"iLightbox[d8f5bd2aa035275062d]\" data-title=\"Je Disseny &#8211; Parquets &#8211; Berti 1\" title=\"Je Disseny &#8211; Parquets &#8211; Berti 1\"><img loading=\"lazy\" decoding=\"async\" src=\"http:\/\/jedisseny.com\/wp-content\/uploads\/2018\/02\/Je-Disseny-Parquets-Berti-1.jpg\" width=\"450\" height=\"250\" alt=\"\" class=\"img-responsive wp-image-915\" srcset=\"https:\/\/jedisseny.com\/wp-content\/uploads\/2018\/02\/Je-Disseny-Parquets-Berti-1-200x111.jpg 200w, https:\/\/jedisseny.com\/wp-content\/uploads\/2018\/02\/Je-Disseny-Parquets-Berti-1-400x222.jpg 400w, https:\/\/jedisseny.com\/wp-content\/uploads\/2018\/02\/Je-Disseny-Parquets-Berti-1.jpg 450w\" sizes=\"auto, (max-width: 800px) 100vw, 400px\" \/><\/a><\/span><\/div><div class=\"fusion-text\"><div style=\"padding: 25px;\">\n<h4>BERTI<\/h4>\n<p>Una de las empresas m\u00e1s destacadas a nivel mundial en el sector del parqu\u00e9.<\/p>\n<p><a href=\"http:\/\/en.berti.net\/\" target=\"_blank\" rel=\"noopener\">[+INFO]<\/a><\/p>\n<\/div>\n<\/div><div class=\"fusion-clearfix\"><\/div>\n\n\t\t\t\t\t<\/div>\n\t\t\t\t<\/div><div  class=\"fusion-layout-column fusion_builder_column fusion_builder_column_1_3  fusion-one-third fusion-blend-mode 1_3\"  style='margin-top:0px;margin-bottom:40px;width:30.6666%; margin-right: 4%;'>\n\t\t\t\t\t<div class=\"fusion-column-wrapper\" style=\"background-color:#f8f8f8;padding: 0px 0px 0px 0px;background-position:left top;background-repeat:no-repeat;-webkit-background-size:cover;-moz-background-size:cover;-o-background-size:cover;background-size:cover;\"  data-bg-url=\"\">\n\t\t\t\t\t\t<div class=\"imageframe-align-center\"><span class=\"fusion-imageframe imageframe-none imageframe-2 hover-type-zoomin\"><a href=\"http:\/\/jedisseny.com\/wp-content\/uploads\/2018\/02\/Je-Disseny-Parquets-Gazzotti.jpg\" class=\"fusion-lightbox\" data-rel=\"iLightbox[fbaae7e80ee2c268844]\" data-title=\"Je Disseny &#8211; Parquets &#8211; Gazzotti\" title=\"Je Disseny &#8211; Parquets &#8211; Gazzotti\"><img loading=\"lazy\" decoding=\"async\" src=\"http:\/\/jedisseny.com\/wp-content\/uploads\/2018\/02\/Je-Disseny-Parquets-Gazzotti.jpg\" width=\"450\" height=\"250\" alt=\"\" class=\"img-responsive wp-image-907\" srcset=\"https:\/\/jedisseny.com\/wp-content\/uploads\/2018\/02\/Je-Disseny-Parquets-Gazzotti-200x111.jpg 200w, https:\/\/jedisseny.com\/wp-content\/uploads\/2018\/02\/Je-Disseny-Parquets-Gazzotti-400x222.jpg 400w, https:\/\/jedisseny.com\/wp-content\/uploads\/2018\/02\/Je-Disseny-Parquets-Gazzotti.jpg 450w\" sizes=\"auto, (max-width: 800px) 100vw, 400px\" \/><\/a><\/span><\/div><div class=\"fusion-text\"><div style=\"padding: 25px;\">\n<h4>GAZZOTTI<\/h4>\n<p>Artesanos de la Toscana italiana com m\u00e1s de 100 a\u00f1os de historia.<\/p>\n<p><a href=\"https:\/\/www.gazzotti-group.it\/en\/\" target=\"_blank\" rel=\"noopener\">[+INFO]<\/a><\/p>\n<\/div>\n<\/div><div class=\"fusion-clearfix\"><\/div>\n\n\t\t\t\t\t<\/div>\n\t\t\t\t<\/div><div  class=\"fusion-layout-column fusion_builder_column fusion_builder_column_1_3  fusion-one-third fusion-column-last fusion-blend-mode 1_3\"  style='margin-top:0px;margin-bottom:40px;width:30.6666%'>\n\t\t\t\t\t<div class=\"fusion-column-wrapper\" style=\"background-color:#f8f8f8;padding: 0px 0px 0px 0px;background-position:left top;background-repeat:no-repeat;-webkit-background-size:cover;-moz-background-size:cover;-o-background-size:cover;background-size:cover;\"  data-bg-url=\"\">\n\t\t\t\t\t\t<div class=\"imageframe-align-center\"><span class=\"fusion-imageframe imageframe-none imageframe-3 hover-type-zoomin\"><a href=\"http:\/\/jedisseny.com\/wp-content\/uploads\/2018\/02\/Je-Disseny-Parquets-Pardor-1.jpg\" class=\"fusion-lightbox\" data-rel=\"iLightbox[5b7dab5975a10766ae6]\" data-title=\"Je Disseny &#8211; Parquets &#8211; Pardor 1\" title=\"Je Disseny &#8211; Parquets &#8211; Pardor 1\"><img loading=\"lazy\" decoding=\"async\" src=\"http:\/\/jedisseny.com\/wp-content\/uploads\/2018\/02\/Je-Disseny-Parquets-Pardor-1.jpg\" width=\"450\" height=\"250\" alt=\"\" class=\"img-responsive wp-image-916\" srcset=\"https:\/\/jedisseny.com\/wp-content\/uploads\/2018\/02\/Je-Disseny-Parquets-Pardor-1-200x111.jpg 200w, https:\/\/jedisseny.com\/wp-content\/uploads\/2018\/02\/Je-Disseny-Parquets-Pardor-1-400x222.jpg 400w, https:\/\/jedisseny.com\/wp-content\/uploads\/2018\/02\/Je-Disseny-Parquets-Pardor-1.jpg 450w\" sizes=\"auto, (max-width: 800px) 100vw, 400px\" \/><\/a><\/span><\/div><div class=\"fusion-text\"><div style=\"padding: 25px;\">\n<h4>PARADOR<\/h4>\n<p>Empresa alemana l\u00edder en dise\u00f1o y calidad. Todo tipo de parqu\u00e9s.<\/p>\n<p><a href=\"https:\/\/es.parador.eu\" target=\"_blank\" rel=\"noopener\">[+INFO]<\/a><\/p>\n<\/div>\n<\/div><div class=\"fusion-clearfix\"><\/div>\n\n\t\t\t\t\t<\/div>\n\t\t\t\t<\/div><\/div><\/div><div class=\"fusion-fullwidth fullwidth-box nonhundred-percent-fullwidth non-hundred-percent-height-scrolling\"  style='background-color: rgba(255,255,255,0);background-position: center center;background-repeat: no-repeat;padding-top:0px;padding-right:0px;padding-bottom:50px;padding-left:0px;'><div class=\"fusion-builder-row fusion-row \"><div  class=\"fusion-layout-column fusion_builder_column fusion_builder_column_1_1  fusion-one-full fusion-column-first fusion-column-last fusion-blend-mode 1_1\"  style='margin-top:0px;margin-bottom:20px;'>\n\t\t\t\t\t<div class=\"fusion-column-wrapper\" style=\"background-color:#424747;padding: 20px 20px 20px 20px;background-position:left top;background-repeat:no-repeat;-webkit-background-size:cover;-moz-background-size:cover;-o-background-size:cover;background-size:cover;\"  data-bg-url=\"\">\n\t\t\t\t\t\t<div class=\"fusion-button-wrapper fusion-aligncenter\"><style type=\"text\/css\" scoped=\"scoped\">.fusion-button.button-1 .fusion-button-text, .fusion-button.button-1 i {color:#ffffff;}.fusion-button.button-1 {border-width:1px;border-color:#ffffff;}.fusion-button.button-1 .fusion-button-icon-divider{border-color:#ffffff;}.fusion-button.button-1:hover .fusion-button-text, .fusion-button.button-1:hover i,.fusion-button.button-1:focus .fusion-button-text, .fusion-button.button-1:focus i,.fusion-button.button-1:active .fusion-button-text, .fusion-button.button-1:active{color:#424747;}.fusion-button.button-1:hover, .fusion-button.button-1:focus, .fusion-button.button-1:active{border-width:1px;border-color:#424747;}.fusion-button.button-1:hover .fusion-button-icon-divider, .fusion-button.button-1:hover .fusion-button-icon-divider, .fusion-button.button-1:active .fusion-button-icon-divider{border-color:#424747;}.fusion-button.button-1{background: #424747;}.fusion-button.button-1:hover,.button-1:focus,.fusion-button.button-1:active{background: #ffffff;}.fusion-button.button-1{width:auto;}<\/style><a class=\"fusion-button button-flat fusion-button-square button-xlarge button-custom button-1\" target=\"_self\" href=\"https:\/\/jedisseny.com\/es\/contacto\/\"><span class=\"fusion-button-text\">Pide presupuesto sin compromiso<\/span><\/a><\/div><div class=\"fusion-clearfix\"><\/div>\n\n\t\t\t\t\t<\/div>\n\t\t\t\t<\/div><\/div><\/div><\/p>\n","protected":false},"excerpt":{"rendered":"","protected":false},"author":1,"featured_media":0,"parent":1352,"menu_order":0,"comment_status":"closed","ping_status":"closed","template":"100-width.php","meta":{"footnotes":""},"class_list":["post-1405","page","type-page","status-publish","hentry"],"_links":{"self":[{"href":"https:\/\/jedisseny.com\/es\/wp-json\/wp\/v2\/pages\/1405","targetHints":{"allow":["GET"]}}],"collection":[{"href":"https:\/\/jedisseny.com\/es\/wp-json\/wp\/v2\/pages"}],"about":[{"href":"https:\/\/jedisseny.com\/es\/wp-json\/wp\/v2\/types\/page"}],"author":[{"embeddable":true,"href":"https:\/\/jedisseny.com\/es\/wp-json\/wp\/v2\/users\/1"}],"replies":[{"embeddable":true,"href":"https:\/\/jedisseny.com\/es\/wp-json\/wp\/v2\/comments?post=1405"}],"version-history":[{"count":7,"href":"https:\/\/jedisseny.com\/es\/wp-json\/wp\/v2\/pages\/1405\/revisions"}],"predecessor-version":[{"id":1506,"href":"https:\/\/jedisseny.com\/es\/wp-json\/wp\/v2\/pages\/1405\/revisions\/1506"}],"up":[{"embeddable":true,"href":"https:\/\/jedisseny.com\/es\/wp-json\/wp\/v2\/pages\/1352"}],"wp:attachment":[{"href":"https:\/\/jedisseny.com\/es\/wp-json\/wp\/v2\/media?parent=1405"}],"curies":[{"name":"wp","href":"https:\/\/api.w.org\/{rel}","templated":true}]}}