{"id":1410,"date":"2018-03-16T18:57:07","date_gmt":"2018-03-16T17:57:07","guid":{"rendered":"https:\/\/jedisseny.com\/?page_id=1410"},"modified":"2018-04-16T17:42:48","modified_gmt":"2018-04-16T16:42:48","slug":"trabajos-a-medida","status":"publish","type":"page","link":"https:\/\/jedisseny.com\/es\/trabajos-a-medida\/","title":{"rendered":"Trabajos a medida"},"content":{"rendered":"<p><div class=\"fusion-fullwidth fullwidth-box nonhundred-percent-fullwidth non-hundred-percent-height-scrolling\"  style='background-color: rgba(255,255,255,0);background-position: left top;background-repeat: no-repeat;padding-top:25px;padding-right:0px;padding-bottom:50px;padding-left:0px;border-top-width:0px;border-bottom-width:0px;border-color:#eae9e9;border-top-style:solid;border-bottom-style:solid;'><div class=\"fusion-builder-row fusion-row \"><div  class=\"fusion-layout-column fusion_builder_column fusion_builder_column_1_2  fusion-one-half fusion-column-first 1_2\"  style='margin-top:0px;margin-bottom:20px;width:48%; margin-right: 4%;'>\n\t\t\t\t\t<div class=\"fusion-column-wrapper\" style=\"padding: 0px 0px 0px 0px;background-position:left top;background-repeat:no-repeat;-webkit-background-size:cover;-moz-background-size:cover;-o-background-size:cover;background-size:cover;\"  data-bg-url=\"\">\n\t\t\t\t\t\t<div class=\"fusion-text\"><h2>DISE\u00d1O PERSONALIZADO<\/h2>\n<\/div><div class=\"fusion-sep-clear\"><\/div><div class=\"fusion-separator sep-single sep-solid\" style=\"border-color:#e2e3e8;border-top-width:3px;margin-top:0px;margin-bottom:35px;width:100%;max-width:170px;\"><\/div><div class=\"fusion-text\"><h3><i>Si tienes muy claro lo que quieres, nos lo cuentas y lo haremos realidad. Sin\u00f3, nuestro equipo de dise\u00f1o te ayudar\u00e1 a hacer tu proyecto a medida.\u00a0<\/i><\/h3>\n<\/div><div class=\"fusion-clearfix\"><\/div>\n\n\t\t\t\t\t<\/div>\n\t\t\t\t<\/div><div  class=\"fusion-layout-column fusion_builder_column fusion_builder_column_1_2  fusion-one-half fusion-column-last 1_2\"  style='margin-top:0px;margin-bottom:20px;width:48%'>\n\t\t\t\t\t<div class=\"fusion-column-wrapper\" style=\"padding: 0px 0px 0px 0px;background-position:left top;background-repeat:no-repeat;-webkit-background-size:cover;-moz-background-size:cover;-o-background-size:cover;background-size:cover;\"  data-bg-url=\"\">\n\t\t\t\t\t\t<span class=\"fusion-imageframe imageframe-none imageframe-1 hover-type-zoomin fusion-animated\" data-animationType=\"fadeInDown\" data-animationDuration=\"1.0\" data-animationOffset=\"100%\"><a href=\"http:\/\/jedisseny.com\/wp-content\/uploads\/2018\/02\/Je-Disseny-Treballs-a-mida-disseny-cuina-1024x531.jpg\" class=\"fusion-lightbox\" data-rel=\"iLightbox[33d58f6922467259771]\" data-title=\"Je-Disseny-Treballs-a-mida-disseny-cuina\" title=\"Je-Disseny-Treballs-a-mida-disseny-cuina\"><img loading=\"lazy\" decoding=\"async\" src=\"http:\/\/jedisseny.com\/wp-content\/uploads\/2018\/02\/Je-Disseny-Treballs-a-mida-disseny-cuina-1024x531.jpg\" width=\"1024\" height=\"531\" alt=\"\" class=\"img-responsive wp-image-1012\" srcset=\"https:\/\/jedisseny.com\/wp-content\/uploads\/2018\/02\/Je-Disseny-Treballs-a-mida-disseny-cuina-200x104.jpg 200w, https:\/\/jedisseny.com\/wp-content\/uploads\/2018\/02\/Je-Disseny-Treballs-a-mida-disseny-cuina-400x207.jpg 400w, https:\/\/jedisseny.com\/wp-content\/uploads\/2018\/02\/Je-Disseny-Treballs-a-mida-disseny-cuina-600x311.jpg 600w, https:\/\/jedisseny.com\/wp-content\/uploads\/2018\/02\/Je-Disseny-Treballs-a-mida-disseny-cuina-800x415.jpg 800w, https:\/\/jedisseny.com\/wp-content\/uploads\/2018\/02\/Je-Disseny-Treballs-a-mida-disseny-cuina-1200x622.jpg 1200w, https:\/\/jedisseny.com\/wp-content\/uploads\/2018\/02\/Je-Disseny-Treballs-a-mida-disseny-cuina.jpg 2000w\" sizes=\"auto, (max-width: 800px) 100vw, 600px\" \/><\/a><\/span><div class=\"fusion-clearfix\"><\/div>\n\n\t\t\t\t\t<\/div>\n\t\t\t\t<\/div><\/div><\/div><div class=\"fusion-bg-parallax\"  data-bg-align=\"left top\" data-direction=\"left\" data-mute=\"false\" data-opacity=\"100\" data-velocity=\"-0.7\" data-mobile-enabled=\"false\" data-break_parents=\"0\" data-bg-image=\"http:\/\/jedisseny.com\/wp-content\/uploads\/2018\/02\/Je-Disseny-Treballs-a-mida-Cuines2-1024x508.jpg\" data-bg-repeat=\"false\" data-bg-height=\"\" data-bg-width=\"\"><\/div><div class=\"fusion-fullwidth fullwidth-box fusion-parallax-left nonhundred-percent-fullwidth non-hundred-percent-height-scrolling\"  style='background-color: rgba(255,255,255,0);background-image: url(\"http:\/\/jedisseny.com\/wp-content\/uploads\/2018\/02\/Je-Disseny-Treballs-a-mida-Cuines2-1024x508.jpg\");background-position: left top;background-repeat: no-repeat;padding-top:130px;padding-right:50px;padding-bottom:120px;padding-left:50px;border-top-width:0px;border-bottom-width:0px;border-color:#eae9e9;border-top-style:solid;border-bottom-style:solid;-webkit-background-size:cover;-moz-background-size:cover;-o-background-size:cover;background-size:cover;background-attachment:left;'><div class=\"fusion-builder-row fusion-row \"><div  class=\"fusion-layout-column fusion_builder_column fusion_builder_column_1_2  fusion-one-half fusion-column-first 1_2\"  style='margin-top:0px;margin-bottom:20px;width:48%; margin-right: 4%;'>\n\t\t\t\t\t<div class=\"fusion-column-wrapper\" style=\"padding: 0px 0px 0px 0px;background-position:left top;background-repeat:no-repeat;-webkit-background-size:cover;-moz-background-size:cover;-o-background-size:cover;background-size:cover;\"  data-bg-url=\"\">\n\t\t\t\t\t\t<div class=\"fusion-text\"><h2><span style=\"color: #424747;\">COCINAS<\/span><\/h2>\n<h3>Estudiamos tu espacio, escuchamos tus necesidades y prioridades, valoramos tus preferencias y tu presupuesto y te proponemos la mejor soluci\u00f3n. Tu cocina ideal, totalmente personalizada. Con un solo interlocutor, sin preocupaciones: del dise\u00f1o a la realidad.\u00a0<\/h3>\n<h3>\u00a0<\/h3>\n<\/div><div class=\"fusion-sep-clear\"><\/div><div class=\"fusion-separator fusion-full-width-sep sep-none\" style=\"margin-left: auto;margin-right: auto;margin-top:20px;\"><\/div><div class=\"fusion-sep-clear\"><\/div><div class=\"fusion-separator fusion-full-width-sep sep-none\" style=\"margin-left: auto;margin-right: auto;margin-top:20px;\"><\/div><div class=\"fusion-button-wrapper\"><style type=\"text\/css\" scoped=\"scoped\">.fusion-button.button-1 .fusion-button-text, .fusion-button.button-1 i {color:#424747;}.fusion-button.button-1 {border-width:1px;border-color:#424747;}.fusion-button.button-1 .fusion-button-icon-divider{border-color:#424747;}.fusion-button.button-1:hover .fusion-button-text, .fusion-button.button-1:hover i,.fusion-button.button-1:focus .fusion-button-text, .fusion-button.button-1:focus i,.fusion-button.button-1:active .fusion-button-text, .fusion-button.button-1:active{color:#ffffff;}.fusion-button.button-1:hover, .fusion-button.button-1:focus, .fusion-button.button-1:active{border-width:1px;border-color:#ffffff;}.fusion-button.button-1:hover .fusion-button-icon-divider, .fusion-button.button-1:hover .fusion-button-icon-divider, .fusion-button.button-1:active .fusion-button-icon-divider{border-color:#ffffff;}.fusion-button.button-1{background: #ffffff;}.fusion-button.button-1:hover,.button-1:focus,.fusion-button.button-1:active{background: #424747;\n\t\t\t\t\t\t\tbackground-image: -webkit-gradient( linear, left bottom, left top, from( #ffffff ), to( #424747 ) );\n\t\t\t\t\t\t\tbackground-image: -webkit-linear-gradient( bottom, #ffffff, #424747 );\n\t\t\t\t\t\t\tbackground-image:   -moz-linear-gradient( bottom, #ffffff, #424747 );\n\t\t\t\t\t\t\tbackground-image:     -o-linear-gradient( bottom, #ffffff, #424747 );\n\t\t\t\t\t\t\tbackground-image: linear-gradient( to top, #ffffff, #424747 );}.fusion-button.button-1{width:auto;}<\/style><a class=\"fusion-button button-flat fusion-button-square button-xlarge button-custom button-1\" target=\"_self\" href=\"https:\/\/jedisseny.com\/es\/contacto\/\"><span class=\"fusion-button-text\">NOS REUNIMOS?<\/span><\/a><\/div><div class=\"fusion-clearfix\"><\/div>\n\n\t\t\t\t\t<\/div>\n\t\t\t\t<\/div><div  class=\"fusion-layout-column fusion_builder_column fusion_builder_column_1_2  fusion-one-half fusion-column-last 1_2\"  style='margin-top:0px;margin-bottom:20px;width:48%'>\n\t\t\t\t\t<div class=\"fusion-column-wrapper\" style=\"padding: 0px 0px 0px 0px;background-position:left top;background-repeat:no-repeat;-webkit-background-size:cover;-moz-background-size:cover;-o-background-size:cover;background-size:cover;\"  data-bg-url=\"\">\n\t\t\t\t\t\t<div class=\"fusion-clearfix\"><\/div>\n\n\t\t\t\t\t<\/div>\n\t\t\t\t<\/div><\/div><\/div><div class=\"fusion-bg-parallax\"  data-bg-align=\"left top\" data-direction=\"left\" data-mute=\"false\" data-opacity=\"100\" data-velocity=\"-0.7\" data-mobile-enabled=\"false\" data-break_parents=\"0\" data-bg-image=\"http:\/\/jedisseny.com\/wp-content\/uploads\/2018\/02\/Je-disseny-Treballs-a-mida-vestidors-1024x508.jpg\" data-bg-repeat=\"false\" data-bg-height=\"\" data-bg-width=\"\"><\/div><div class=\"fusion-fullwidth fullwidth-box fusion-parallax-left nonhundred-percent-fullwidth non-hundred-percent-height-scrolling\"  style='background-color: rgba(255,255,255,0);background-image: url(\"http:\/\/jedisseny.com\/wp-content\/uploads\/2018\/02\/Je-disseny-Treballs-a-mida-vestidors-1024x508.jpg\");background-position: left top;background-repeat: no-repeat;padding-top:130px;padding-right:50px;padding-bottom:120px;padding-left:50px;border-top-width:0px;border-bottom-width:0px;border-color:#eae9e9;border-top-style:solid;border-bottom-style:solid;-webkit-background-size:cover;-moz-background-size:cover;-o-background-size:cover;background-size:cover;background-attachment:left;'><div class=\"fusion-builder-row fusion-row \"><div  class=\"fusion-layout-column fusion_builder_column fusion_builder_column_1_2  fusion-one-half fusion-column-first 1_2\"  style='margin-top:0px;margin-bottom:20px;width:48%; margin-right: 4%;'>\n\t\t\t\t\t<div class=\"fusion-column-wrapper\" style=\"padding: 0px 0px 0px 0px;background-position:left top;background-repeat:no-repeat;-webkit-background-size:cover;-moz-background-size:cover;-o-background-size:cover;background-size:cover;\"  data-bg-url=\"\">\n\t\t\t\t\t\t<div class=\"fusion-text\"><h2><span style=\"color: #424747;\">ARMARIOS Y VESTIDORES<\/span><\/h2>\n<h3><span style=\"color: #424747;\">Sabemos que es dif\u00edcil encontrar el armario prefabricado que encaje con el espacio del que dispones. Con un proyecto a medida aprovecharemos mucho m\u00e1s el espacio y podr\u00e1s organizar el mueble como tu quieras para guardar tus cosas de la forma m\u00e1s pr\u00e1ctica y ordenada.\u00a0<\/span><\/h3>\n<h3>\u00a0<\/h3>\n<\/div><div class=\"fusion-sep-clear\"><\/div><div class=\"fusion-separator fusion-full-width-sep sep-none\" style=\"margin-left: auto;margin-right: auto;margin-top:20px;\"><\/div><div class=\"fusion-sep-clear\"><\/div><div class=\"fusion-separator fusion-full-width-sep sep-none\" style=\"margin-left: auto;margin-right: auto;margin-top:20px;\"><\/div><div class=\"fusion-button-wrapper\"><style type=\"text\/css\" scoped=\"scoped\">.fusion-button.button-2 .fusion-button-text, .fusion-button.button-2 i {color:#424747;}.fusion-button.button-2 {border-width:1px;border-color:#424747;}.fusion-button.button-2 .fusion-button-icon-divider{border-color:#424747;}.fusion-button.button-2:hover .fusion-button-text, .fusion-button.button-2:hover i,.fusion-button.button-2:focus .fusion-button-text, .fusion-button.button-2:focus i,.fusion-button.button-2:active .fusion-button-text, .fusion-button.button-2:active{color:#ffffff;}.fusion-button.button-2:hover, .fusion-button.button-2:focus, .fusion-button.button-2:active{border-width:1px;border-color:#ffffff;}.fusion-button.button-2:hover .fusion-button-icon-divider, .fusion-button.button-2:hover .fusion-button-icon-divider, .fusion-button.button-2:active .fusion-button-icon-divider{border-color:#ffffff;}.fusion-button.button-2{background: #ffffff;}.fusion-button.button-2:hover,.button-2:focus,.fusion-button.button-2:active{background: #424747;\n\t\t\t\t\t\t\tbackground-image: -webkit-gradient( linear, left bottom, left top, from( #ffffff ), to( #424747 ) );\n\t\t\t\t\t\t\tbackground-image: -webkit-linear-gradient( bottom, #ffffff, #424747 );\n\t\t\t\t\t\t\tbackground-image:   -moz-linear-gradient( bottom, #ffffff, #424747 );\n\t\t\t\t\t\t\tbackground-image:     -o-linear-gradient( bottom, #ffffff, #424747 );\n\t\t\t\t\t\t\tbackground-image: linear-gradient( to top, #ffffff, #424747 );}.fusion-button.button-2{width:auto;}<\/style><a class=\"fusion-button button-flat fusion-button-square button-xlarge button-custom button-2\" target=\"_self\" href=\"https:\/\/jedisseny.com\/es\/contacto\/\"><span class=\"fusion-button-text\">NOS REUNIMOS?<\/span><\/a><\/div><div class=\"fusion-clearfix\"><\/div>\n\n\t\t\t\t\t<\/div>\n\t\t\t\t<\/div><div  class=\"fusion-layout-column fusion_builder_column fusion_builder_column_1_2  fusion-one-half fusion-column-last 1_2\"  style='margin-top:0px;margin-bottom:20px;width:48%'>\n\t\t\t\t\t<div class=\"fusion-column-wrapper\" style=\"padding: 0px 0px 0px 0px;background-position:left top;background-repeat:no-repeat;-webkit-background-size:cover;-moz-background-size:cover;-o-background-size:cover;background-size:cover;\"  data-bg-url=\"\">\n\t\t\t\t\t\t<div class=\"fusion-clearfix\"><\/div>\n\n\t\t\t\t\t<\/div>\n\t\t\t\t<\/div><\/div><\/div><div class=\"fusion-bg-parallax\"  data-bg-align=\"left top\" data-direction=\"left\" data-mute=\"false\" data-opacity=\"100\" data-velocity=\"-0.7\" data-mobile-enabled=\"false\" data-break_parents=\"0\" data-bg-image=\"http:\/\/jedisseny.com\/wp-content\/uploads\/2018\/02\/Je-Disseny-Treballs-a-mida-Escales-1024x508.jpg\" data-bg-repeat=\"false\" data-bg-height=\"\" data-bg-width=\"\"><\/div><div class=\"fusion-fullwidth fullwidth-box fusion-parallax-left nonhundred-percent-fullwidth non-hundred-percent-height-scrolling\"  style='background-color: rgba(255,255,255,0);background-image: url(\"http:\/\/jedisseny.com\/wp-content\/uploads\/2018\/02\/Je-Disseny-Treballs-a-mida-Escales-1024x508.jpg\");background-position: left top;background-repeat: no-repeat;padding-top:130px;padding-right:50px;padding-bottom:120px;padding-left:50px;border-top-width:0px;border-bottom-width:0px;border-color:#eae9e9;border-top-style:solid;border-bottom-style:solid;-webkit-background-size:cover;-moz-background-size:cover;-o-background-size:cover;background-size:cover;background-attachment:left;'><div class=\"fusion-builder-row fusion-row \"><div  class=\"fusion-layout-column fusion_builder_column fusion_builder_column_1_2  fusion-one-half fusion-column-first 1_2\"  style='margin-top:0px;margin-bottom:20px;width:48%; margin-right: 4%;'>\n\t\t\t\t\t<div class=\"fusion-column-wrapper\" style=\"padding: 0px 0px 0px 0px;background-position:left top;background-repeat:no-repeat;-webkit-background-size:cover;-moz-background-size:cover;-o-background-size:cover;background-size:cover;\"  data-bg-url=\"\">\n\t\t\t\t\t\t<div class=\"fusion-text\"><h2><span style=\"color: #424747;\">ESCALERAS<\/span><\/h2>\n<h3><span style=\"color: #424747;\">Con personalidad, de caracol, para un altillo, para un espacio reducido&#8230; Necesitas una escalera de madera?\u00a0<\/span><\/h3>\n<\/div><div class=\"fusion-sep-clear\"><\/div><div class=\"fusion-separator fusion-full-width-sep sep-none\" style=\"margin-left: auto;margin-right: auto;margin-top:20px;\"><\/div><div class=\"fusion-sep-clear\"><\/div><div class=\"fusion-separator fusion-full-width-sep sep-none\" style=\"margin-left: auto;margin-right: auto;margin-top:20px;\"><\/div><div class=\"fusion-button-wrapper\"><style type=\"text\/css\" scoped=\"scoped\">.fusion-button.button-3 .fusion-button-text, .fusion-button.button-3 i {color:#424747;}.fusion-button.button-3 {border-width:1px;border-color:#424747;}.fusion-button.button-3 .fusion-button-icon-divider{border-color:#424747;}.fusion-button.button-3:hover .fusion-button-text, .fusion-button.button-3:hover i,.fusion-button.button-3:focus .fusion-button-text, .fusion-button.button-3:focus i,.fusion-button.button-3:active .fusion-button-text, .fusion-button.button-3:active{color:#ffffff;}.fusion-button.button-3:hover, .fusion-button.button-3:focus, .fusion-button.button-3:active{border-width:1px;border-color:#ffffff;}.fusion-button.button-3:hover .fusion-button-icon-divider, .fusion-button.button-3:hover .fusion-button-icon-divider, .fusion-button.button-3:active .fusion-button-icon-divider{border-color:#ffffff;}.fusion-button.button-3{background: #ffffff;}.fusion-button.button-3:hover,.button-3:focus,.fusion-button.button-3:active{background: #424747;\n\t\t\t\t\t\t\tbackground-image: -webkit-gradient( linear, left bottom, left top, from( #ffffff ), to( #424747 ) );\n\t\t\t\t\t\t\tbackground-image: -webkit-linear-gradient( bottom, #ffffff, #424747 );\n\t\t\t\t\t\t\tbackground-image:   -moz-linear-gradient( bottom, #ffffff, #424747 );\n\t\t\t\t\t\t\tbackground-image:     -o-linear-gradient( bottom, #ffffff, #424747 );\n\t\t\t\t\t\t\tbackground-image: linear-gradient( to top, #ffffff, #424747 );}.fusion-button.button-3{width:auto;}<\/style><a class=\"fusion-button button-flat fusion-button-square button-xlarge button-custom button-3\" target=\"_self\" href=\"https:\/\/jedisseny.com\/es\/contacto\/\"><span class=\"fusion-button-text\">NOS REUNIMOS?<\/span><\/a><\/div><div class=\"fusion-clearfix\"><\/div>\n\n\t\t\t\t\t<\/div>\n\t\t\t\t<\/div><div  class=\"fusion-layout-column fusion_builder_column fusion_builder_column_1_2  fusion-one-half fusion-column-last 1_2\"  style='margin-top:0px;margin-bottom:20px;width:48%'>\n\t\t\t\t\t<div class=\"fusion-column-wrapper\" style=\"padding: 0px 0px 0px 0px;background-position:left top;background-repeat:no-repeat;-webkit-background-size:cover;-moz-background-size:cover;-o-background-size:cover;background-size:cover;\"  data-bg-url=\"\">\n\t\t\t\t\t\t<div class=\"fusion-clearfix\"><\/div>\n\n\t\t\t\t\t<\/div>\n\t\t\t\t<\/div><\/div><\/div><div class=\"fusion-fullwidth fullwidth-box nonhundred-percent-fullwidth non-hundred-percent-height-scrolling\"  style='background-color: rgba(255,255,255,0);background-position: center center;background-repeat: no-repeat;padding-top:0px;padding-right:0px;padding-bottom:0px;padding-left:0px;margin-bottom: 25px;margin-top: 25px;'><div class=\"fusion-builder-row fusion-row \"><div  class=\"fusion-layout-column fusion_builder_column fusion_builder_column_1_1  fusion-one-full fusion-column-first fusion-column-last 1_1\"  style='margin-top:0px;margin-bottom:20px;'>\n\t\t\t\t\t<div class=\"fusion-column-wrapper\" style=\"padding: 0px 0px 0px 0px;background-position:left top;background-repeat:no-repeat;-webkit-background-size:cover;-moz-background-size:cover;-o-background-size:cover;background-size:cover;\"  data-bg-url=\"\">\n\t\t\t\t\t\t<div class=\"fusion-sep-clear\"><\/div><div class=\"fusion-separator fusion-full-width-sep sep-none\" style=\"margin-left: auto;margin-right: auto;margin-top:;\"><\/div><div class=\"fusion-clearfix\"><\/div>\n\n\t\t\t\t\t<\/div>\n\t\t\t\t<\/div><\/div><\/div><div class=\"fusion-fullwidth fullwidth-box fusion-parallax-none nonhundred-percent-fullwidth non-hundred-percent-height-scrolling\"  style='background-color: rgba(255,255,255,0);background-image: url(\"http:\/\/jedisseny.com\/wp-content\/uploads\/2018\/02\/Je-Disseny-Treballs-a-mida-Tens-una-idea-1024x678.jpg\");background-position: center center;background-repeat: no-repeat;padding-top:110px;padding-right:25px;padding-bottom:50px;padding-left:25px;border-top-width:0px;border-bottom-width:0px;border-color:#eae9e9;border-top-style:solid;border-bottom-style:solid;-webkit-background-size:cover;-moz-background-size:cover;-o-background-size:cover;background-size:cover;'><div class=\"fusion-builder-row fusion-row \"><div  class=\"fusion-layout-column fusion_builder_column fusion_builder_column_2_3  fusion-two-third fusion-column-first 2_3\"  style='margin-top:0px;margin-bottom:0px;width:65.3333%; margin-right: 4%;'>\n\t\t\t\t\t<div class=\"fusion-column-wrapper\" style=\"border-right:3px solid #ffffff;padding: 0px 0px 0px 0px;background-position:right center;background-repeat:no-repeat;-webkit-background-size:cover;-moz-background-size:cover;-o-background-size:cover;background-size:cover;\"  data-bg-url=\"\">\n\t\t\t\t\t\t<div class=\"fusion-text\"><h2><span style=\"color: #ffffff;\">TIENES UNA IDEA O UNA NECESIDAD ESPECIAL?<br \/>\n<\/span><\/h2>\n<\/div><div class=\"fusion-clearfix\"><\/div>\n\n\t\t\t\t\t<\/div>\n\t\t\t\t<\/div><div  class=\"fusion-layout-column fusion_builder_column fusion_builder_column_1_3  fusion-one-third fusion-column-last 1_3\"  style='margin-top:0px;margin-bottom:100px;width:30.6666%'>\n\t\t\t\t\t<div class=\"fusion-column-wrapper\" style=\"padding: 0px 0px 0px 0px;background-position:left top;background-repeat:no-repeat;-webkit-background-size:cover;-moz-background-size:cover;-o-background-size:cover;background-size:cover;\"  data-bg-url=\"\">\n\t\t\t\t\t\t<div class=\"fusion-text\"><h3><span style=\"color: #ffffff;\"><em>Contacta con nosotros. Seguro que juntos lo haremos posible! <\/em><\/span><\/h3>\n<\/div><div class=\"fusion-sep-clear\"><\/div><div class=\"fusion-separator fusion-full-width-sep sep-none\" style=\"margin-left: auto;margin-right: auto;margin-top:50px;\"><\/div><div class=\"fusion-button-wrapper\"><style type=\"text\/css\" scoped=\"scoped\">.fusion-button.button-4 .fusion-button-text, .fusion-button.button-4 i {color:#424747;}.fusion-button.button-4 {border-width:1px;border-color:#424747;}.fusion-button.button-4 .fusion-button-icon-divider{border-color:#424747;}.fusion-button.button-4:hover .fusion-button-text, .fusion-button.button-4:hover i,.fusion-button.button-4:focus .fusion-button-text, .fusion-button.button-4:focus i,.fusion-button.button-4:active .fusion-button-text, .fusion-button.button-4:active{color:#ffffff;}.fusion-button.button-4:hover, .fusion-button.button-4:focus, .fusion-button.button-4:active{border-width:1px;border-color:#ffffff;}.fusion-button.button-4:hover .fusion-button-icon-divider, .fusion-button.button-4:hover .fusion-button-icon-divider, .fusion-button.button-4:active .fusion-button-icon-divider{border-color:#ffffff;}.fusion-button.button-4{background: #ffffff;}.fusion-button.button-4:hover,.button-4:focus,.fusion-button.button-4:active{background: #424747;\n\t\t\t\t\t\t\tbackground-image: -webkit-gradient( linear, left bottom, left top, from( #ffffff ), to( #424747 ) );\n\t\t\t\t\t\t\tbackground-image: -webkit-linear-gradient( bottom, #ffffff, #424747 );\n\t\t\t\t\t\t\tbackground-image:   -moz-linear-gradient( bottom, #ffffff, #424747 );\n\t\t\t\t\t\t\tbackground-image:     -o-linear-gradient( bottom, #ffffff, #424747 );\n\t\t\t\t\t\t\tbackground-image: linear-gradient( to top, #ffffff, #424747 );}.fusion-button.button-4{width:auto;}<\/style><a class=\"fusion-button button-flat fusion-button-square button-xlarge button-custom button-4\" target=\"_self\" href=\"https:\/\/jedisseny.com\/es\/contacto\/\"><span class=\"fusion-button-text\">NOS REUNIMOS?<\/span><\/a><\/div><div class=\"fusion-clearfix\"><\/div>\n\n\t\t\t\t\t<\/div>\n\t\t\t\t<\/div><\/div><\/div><\/p>\n","protected":false},"excerpt":{"rendered":"","protected":false},"author":1,"featured_media":0,"parent":0,"menu_order":0,"comment_status":"closed","ping_status":"closed","template":"","meta":{"footnotes":""},"class_list":["post-1410","page","type-page","status-publish","hentry"],"_links":{"self":[{"href":"https:\/\/jedisseny.com\/es\/wp-json\/wp\/v2\/pages\/1410","targetHints":{"allow":["GET"]}}],"collection":[{"href":"https:\/\/jedisseny.com\/es\/wp-json\/wp\/v2\/pages"}],"about":[{"href":"https:\/\/jedisseny.com\/es\/wp-json\/wp\/v2\/types\/page"}],"author":[{"embeddable":true,"href":"https:\/\/jedisseny.com\/es\/wp-json\/wp\/v2\/users\/1"}],"replies":[{"embeddable":true,"href":"https:\/\/jedisseny.com\/es\/wp-json\/wp\/v2\/comments?post=1410"}],"version-history":[{"count":7,"href":"https:\/\/jedisseny.com\/es\/wp-json\/wp\/v2\/pages\/1410\/revisions"}],"predecessor-version":[{"id":1501,"href":"https:\/\/jedisseny.com\/es\/wp-json\/wp\/v2\/pages\/1410\/revisions\/1501"}],"wp:attachment":[{"href":"https:\/\/jedisseny.com\/es\/wp-json\/wp\/v2\/media?parent=1410"}],"curies":[{"name":"wp","href":"https:\/\/api.w.org\/{rel}","templated":true}]}}