{"id":1413,"date":"2018-03-16T18:58:19","date_gmt":"2018-03-16T17:58:19","guid":{"rendered":"https:\/\/jedisseny.com\/?page_id=1413"},"modified":"2018-05-07T12:33:34","modified_gmt":"2018-05-07T11:33:34","slug":"quienes-somos","status":"publish","type":"page","link":"https:\/\/jedisseny.com\/es\/quienes-somos\/","title":{"rendered":"Qui\u00e9nes somos"},"content":{"rendered":"<p><div class=\"fusion-fullwidth fullwidth-box nonhundred-percent-fullwidth non-hundred-percent-height-scrolling\"  style='background-color: rgba(255,255,255,0);background-position: left top;background-repeat: no-repeat;padding-top:3px;padding-right:0px;padding-bottom:10px;padding-left:0px;border-top-width:0px;border-bottom-width:0px;border-color:#eae9e9;border-top-style:solid;border-bottom-style:solid;'><div class=\"fusion-builder-row fusion-row \"><div  class=\"fusion-layout-column fusion_builder_column fusion_builder_column_1_3  fusion-one-third fusion-column-first 1_3\"  style='margin-top:0px;margin-bottom:0px;width:30.6666%; margin-right: 4%;'>\n\t\t\t\t\t<div class=\"fusion-column-wrapper\" style=\"border-right:3px solid #e0dede;padding: 0px 0px 0px 0px;background-position:right center;background-repeat:no-repeat;-webkit-background-size:cover;-moz-background-size:cover;-o-background-size:cover;background-size:cover;\"  data-bg-url=\"\">\n\t\t\t\t\t\t<div class=\"fusion-text\"><h2>EL EQUIPO<\/h2>\n<\/div><div class=\"fusion-clearfix\"><\/div>\n\n\t\t\t\t\t<\/div>\n\t\t\t\t<\/div><div  class=\"fusion-layout-column fusion_builder_column fusion_builder_column_2_3  fusion-two-third fusion-column-last 2_3\"  style='margin-top:0px;margin-bottom:100px;width:65.3333%'>\n\t\t\t\t\t<div class=\"fusion-column-wrapper\" style=\"padding: 0px 0px 0px 0px;background-position:left top;background-repeat:no-repeat;-webkit-background-size:cover;-moz-background-size:cover;-o-background-size:cover;background-size:cover;\"  data-bg-url=\"\">\n\t\t\t\t\t\t<div class=\"fusion-text\"><h3><i>Somos un peque\u00f1o gran equipo formado por profesionales de la carpinter\u00eda y del dise\u00f1o de interiores.\u00a0\u00a0<\/i><\/h3>\n<\/div><div class=\"fusion-clearfix\"><\/div>\n\n\t\t\t\t\t<\/div>\n\t\t\t\t<\/div><\/div><\/div><div class=\"fusion-fullwidth fullwidth-box nonhundred-percent-fullwidth non-hundred-percent-height-scrolling fusion-equal-height-columns\"  style='background-color: rgba(255,255,255,0);background-position: left top;background-repeat: no-repeat;padding-top:10px;padding-right:0px;padding-bottom:20px;padding-left:0px;border-top-width:0px;border-bottom-width:0px;border-color:#eae9e9;border-top-style:solid;border-bottom-style:solid;'><div class=\"fusion-builder-row fusion-row \"><div  class=\"fusion-layout-column fusion_builder_column fusion_builder_column_1_3  fusion-one-third fusion-column-first fusion-blend-mode 1_3\"  style='margin-top:0px;margin-bottom:40px;width:30.6666%; margin-right: 4%;'>\n\t\t\t\t\t<div class=\"fusion-column-wrapper\" style=\"background-color:#f8f8f8;padding: 0px 0px 0px 0px;background-position:left top;background-repeat:no-repeat;-webkit-background-size:cover;-moz-background-size:cover;-o-background-size:cover;background-size:cover;\"  data-bg-url=\"\">\n\t\t\t\t\t\t<div class=\"fusion-text\"><div style=\"padding: 25px;\">\n<h4>JOAN PONS<\/h4>\n<p>Fundador de la empresa con experiencia de m\u00e1s de 40 a\u00f1os en el mundo de la carpinter\u00eda.<\/p>\n<\/div>\n<\/div><div class=\"fusion-clearfix\"><\/div>\n\n\t\t\t\t\t<\/div>\n\t\t\t\t<\/div><div  class=\"fusion-layout-column fusion_builder_column fusion_builder_column_1_3  fusion-one-third fusion-blend-mode 1_3\"  style='margin-top:0px;margin-bottom:40px;width:30.6666%; margin-right: 4%;'>\n\t\t\t\t\t<div class=\"fusion-column-wrapper\" style=\"background-color:#f8f8f8;padding: 0px 0px 0px 0px;background-position:left top;background-repeat:no-repeat;-webkit-background-size:cover;-moz-background-size:cover;-o-background-size:cover;background-size:cover;\"  data-bg-url=\"\">\n\t\t\t\t\t\t<div class=\"fusion-text\"><div style=\"padding: 25px;\">\n<h4>CARLES PONS<\/h4>\n<p>Formado en carpinter\u00eda, montaje y dise\u00f1o de interiores.<\/p>\n<\/div>\n<\/div><div class=\"fusion-clearfix\"><\/div>\n\n\t\t\t\t\t<\/div>\n\t\t\t\t<\/div><div  class=\"fusion-layout-column fusion_builder_column fusion_builder_column_1_3  fusion-one-third fusion-column-last fusion-blend-mode 1_3\"  style='margin-top:0px;margin-bottom:20px;width:30.6666%'>\n\t\t\t\t\t<div class=\"fusion-column-wrapper\" style=\"background-color:#f8f8f8;padding: 0px 0px 0px 0px;background-position:left top;background-repeat:no-repeat;-webkit-background-size:cover;-moz-background-size:cover;-o-background-size:cover;background-size:cover;\"  data-bg-url=\"\">\n\t\t\t\t\t\t<div class=\"fusion-text\"><div style=\"padding: 25px;\">\n<h4>MARC PONS<\/h4>\n<p>El m\u00e1s joven del equipo que aporta ideas frescas e innovaci\u00f3n.<\/p>\n<\/div>\n<\/div><div class=\"fusion-clearfix\"><\/div>\n\n\t\t\t\t\t<\/div>\n\t\t\t\t<\/div><\/div><\/div><div class=\"fusion-fullwidth fullwidth-box nonhundred-percent-fullwidth non-hundred-percent-height-scrolling\"  style='background-color: rgba(255,255,255,0);background-position: left top;background-repeat: no-repeat;padding-top:10px;padding-right:0px;padding-bottom:25px;padding-left:0px;border-top-width:0px;border-bottom-width:0px;border-color:#eae9e9;border-top-style:solid;border-bottom-style:solid;'><div class=\"fusion-builder-row fusion-row \"><div  class=\"fusion-layout-column fusion_builder_column fusion_builder_column_1_2  fusion-one-half fusion-column-first 1_2\"  style='margin-top:0px;margin-bottom:20px;width:48%; margin-right: 4%;'>\n\t\t\t\t\t<div class=\"fusion-column-wrapper\" style=\"padding: 0px 0px 0px 0px;background-position:left top;background-repeat:no-repeat;-webkit-background-size:cover;-moz-background-size:cover;-o-background-size:cover;background-size:cover;\"  data-bg-url=\"\">\n\t\t\t\t\t\t<div class=\"fusion-text\"><h2>La casa que siempre has querido<\/h2>\n<\/div><div class=\"fusion-sep-clear\"><\/div><div class=\"fusion-separator sep-single sep-solid\" style=\"border-color:#e2e3e8;border-top-width:3px;margin-top:0px;margin-bottom:35px;width:100%;max-width:170px;\"><\/div><div class=\"fusion-text\"><h3><em>Dise\u00f1amos\u00a0 y creamos la casa que siempre has so\u00f1ado. Un espacio \u00fanico y confortable, con productos de primer nivel, acabados de calidad, servicio a medida y trato totalmente personalizado.\u00a0<\/em><\/h3>\n<\/div><div class=\"fusion-sep-clear\"><\/div><div class=\"fusion-separator sep-none\" style=\"margin-top:0px;margin-bottom:35px;width:100%;max-width:170px;\"><\/div><div class=\"fusion-text\"><h4>Je Disseny somos una empresa familiar con m\u00e1s de 30 a\u00f1os de experiencia en el mundo de la carpinter\u00eda y el dise\u00f1o de interiores. Nuestras oficinas est\u00e1n ubicadas en Olot pero trabajamos por toda Catalunya y tambi\u00e9n en el exterior. Nuestras premisas son la calidad, la puntualidad y el servicio personalizado.<\/h4>\n<\/div><div class=\"fusion-clearfix\"><\/div>\n\n\t\t\t\t\t<\/div>\n\t\t\t\t<\/div><div  class=\"fusion-layout-column fusion_builder_column fusion_builder_column_1_2  fusion-one-half fusion-column-last 1_2\"  style='margin-top:0px;margin-bottom:20px;width:48%'>\n\t\t\t\t\t<div class=\"fusion-column-wrapper\" style=\"padding: 0px 0px 0px 0px;background-position:left top;background-repeat:no-repeat;-webkit-background-size:cover;-moz-background-size:cover;-o-background-size:cover;background-size:cover;\"  data-bg-url=\"\">\n\t\t\t\t\t\t<span class=\"fusion-imageframe imageframe-none imageframe-1 hover-type-zoomin fusion-animated\" data-animationType=\"fadeInDown\" data-animationDuration=\"1.0\" data-animationOffset=\"100%\"><a href=\"http:\/\/jedisseny.com\/nova2017\/wp-content\/uploads\/2018\/02\/Je-Disseny-Interiorisme-Cuina-2-1024x682.jpg\" class=\"fusion-lightbox\" data-rel=\"iLightbox[2df1a29f5bc9d047620]\"><img decoding=\"async\" src=\"http:\/\/jedisseny.com\/nova2017\/wp-content\/uploads\/2018\/02\/Je-Disseny-Interiorisme-Cuina-2-1024x682.jpg\" width=\"\" height=\"\" alt=\"\" class=\"img-responsive\"\/><\/a><\/span><div class=\"fusion-sep-clear\"><\/div><div class=\"fusion-separator fusion-full-width-sep sep-none\" style=\"margin-left: auto;margin-right: auto;margin-top:40px;\"><\/div><div class=\"fusion-text\"><h4>Hacemos realidad lo que deseas y, si no lo tienes claro, nuestro equipo de dise\u00f1o te asesorar\u00e1 y orientar\u00e1 para crear tu espacio adaptado a tus gustos y necesidades.<\/h4>\n<h4>Trabajamos con fabricantes de confianza para garantizar la mejor calidad y los mejores resultados.<\/h4>\n<\/div><div class=\"fusion-clearfix\"><\/div>\n\n\t\t\t\t\t<\/div>\n\t\t\t\t<\/div><\/div><\/div><div class=\"fusion-bg-parallax\"  data-bg-align=\"left top\" data-direction=\"up\" data-mute=\"false\" data-opacity=\"100\" data-velocity=\"-0.3\" data-mobile-enabled=\"false\" data-break_parents=\"0\" data-bg-image=\"http:\/\/jedisseny.com\/nova2017\/wp-content\/uploads\/2018\/02\/Je-disseny-Qui-som-1024x683.jpg\" data-bg-repeat=\"false\" data-bg-height=\"\" data-bg-width=\"\"><\/div><div class=\"fusion-fullwidth fullwidth-box fusion-parallax-up nonhundred-percent-fullwidth non-hundred-percent-height-scrolling\"  style='background-color: rgba(255,255,255,0);background-image: url(\"http:\/\/jedisseny.com\/nova2017\/wp-content\/uploads\/2018\/02\/Je-disseny-Qui-som-1024x683.jpg\");background-position: left top;background-repeat: no-repeat;padding-top:150px;padding-right:25px;padding-bottom:25px;padding-left:25px;border-top-width:0px;border-bottom-width:0px;border-color:#eae9e9;border-top-style:solid;border-bottom-style:solid;-webkit-background-size:cover;-moz-background-size:cover;-o-background-size:cover;background-size:cover;background-attachment:up;'><div class=\"fusion-builder-row fusion-row \"><div  class=\"fusion-layout-column fusion_builder_column fusion_builder_column_1_1  fusion-one-full fusion-column-first fusion-column-last fusion-column-no-min-height 1_1\"  style='margin-top:0px;margin-bottom:0px;'>\n\t\t\t\t\t<div class=\"fusion-column-wrapper\" style=\"padding: 0px 0px 0px 0px;background-position:left top;background-repeat:no-repeat;-webkit-background-size:cover;-moz-background-size:cover;-o-background-size:cover;background-size:cover;\"  data-bg-url=\"\">\n\t\t\t\t\t\t<div class=\"fusion-text\"><h2><span style=\"color: #424747;\">TODO TIPO DE TRABAJOS DE CARPINTER\u00cdA<\/span><\/h2>\n<h3><span style=\"color: #424747;\"><em>Trabajamos para particulares, para empresas e industrias adapt\u00e1ndonos a los clientes y a sus necesidades.\u00a0\u00a0<\/em><\/span><\/h3>\n<\/div><div class=\"fusion-sep-clear\"><\/div><div class=\"fusion-separator fusion-full-width-sep sep-none\" style=\"margin-left: auto;margin-right: auto;margin-top:60px;\"><\/div><div class=\"fusion-clearfix\"><\/div>\n\n\t\t\t\t\t<\/div>\n\t\t\t\t<\/div><div  class=\"fusion-layout-column fusion_builder_column fusion_builder_column_1_2  fusion-one-half fusion-column-first 1_2\"  style='margin-top:0px;margin-bottom:40px;width:48%; margin-right: 4%;'>\n\t\t\t\t\t<div class=\"fusion-column-wrapper\" style=\"padding: 0px 0px 0px 0px;background-position:left top;background-repeat:no-repeat;-webkit-background-size:cover;-moz-background-size:cover;-o-background-size:cover;background-size:cover;\"  data-bg-url=\"\">\n\t\t\t\t\t\t<div class=\"fusion-progressbar fusion-progressbar-text-on-bar\"><div style=\"background-color:#ffffff;height:37px;\" class=\"fusion-progressbar-bar progress-bar\"><div class=\"progress progress-bar-content\" style=\"width:0%;background-color:#ffffff;border: 2px solid #424747;\" role=\"progressbar\" aria-valuemin=\"0\" aria-valuemax=\"100\" aria-valuenow=\"91\"><\/div><\/div> <span class=\"progress-title\" style=\"color:#424747;\"><span class=\"fusion-progressbar-text\">DISE\u00d1O DE INTERIORES<\/span> <span class=\"fusion-progressbar-value\">91%<\/span><\/span><\/div><div class=\"fusion-sep-clear\"><\/div><div class=\"fusion-separator fusion-full-width-sep sep-none\" style=\"margin-left: auto;margin-right: auto;margin-top:40px;\"><\/div><div class=\"fusion-progressbar fusion-progressbar-text-on-bar\"><div style=\"background-color:#ffffff;height:37px;\" class=\"fusion-progressbar-bar progress-bar\"><div class=\"progress progress-bar-content\" style=\"width:0%;background-color:#ffffff;border: 2px solid #424747;\" role=\"progressbar\" aria-valuemin=\"0\" aria-valuemax=\"100\" aria-valuenow=\"87\"><\/div><\/div> <span class=\"progress-title\" style=\"color:#424747;\"><span class=\"fusion-progressbar-text\">COMERCIOS<\/span> <span class=\"fusion-progressbar-value\">87%<\/span><\/span><\/div><div class=\"fusion-sep-clear\"><\/div><div class=\"fusion-separator fusion-full-width-sep sep-none\" style=\"margin-left: auto;margin-right: auto;margin-top:40px;\"><\/div><div class=\"fusion-clearfix\"><\/div>\n\n\t\t\t\t\t<\/div>\n\t\t\t\t<\/div><div  class=\"fusion-layout-column fusion_builder_column fusion_builder_column_1_2  fusion-one-half fusion-column-last 1_2\"  style='margin-top:0px;margin-bottom:20px;width:48%'>\n\t\t\t\t\t<div class=\"fusion-column-wrapper\" style=\"padding: 0px 0px 0px 0px;background-position:left top;background-repeat:no-repeat;-webkit-background-size:cover;-moz-background-size:cover;-o-background-size:cover;background-size:cover;\"  data-bg-url=\"\">\n\t\t\t\t\t\t<div class=\"fusion-progressbar fusion-progressbar-text-on-bar\"><div style=\"background-color:#ffffff;height:37px;\" class=\"fusion-progressbar-bar progress-bar\"><div class=\"progress progress-bar-content\" style=\"width:0%;background-color:#ffffff;border: 2px solid #424747;\" role=\"progressbar\" aria-valuemin=\"0\" aria-valuemax=\"100\" aria-valuenow=\"93\"><\/div><\/div> <span class=\"progress-title\" style=\"color:#424747;\"><span class=\"fusion-progressbar-text\">CARPINTER\u00cdA A MEDIDA<\/span> <span class=\"fusion-progressbar-value\">93%<\/span><\/span><\/div><div class=\"fusion-sep-clear\"><\/div><div class=\"fusion-separator fusion-full-width-sep sep-none\" style=\"margin-left: auto;margin-right: auto;margin-top:40px;\"><\/div><div class=\"fusion-progressbar fusion-progressbar-text-on-bar\"><div style=\"background-color:#ffffff;height:37px;\" class=\"fusion-progressbar-bar progress-bar\"><div class=\"progress progress-bar-content\" style=\"width:0%;background-color:#ffffff;border: 2px solid #424747;\" role=\"progressbar\" aria-valuemin=\"0\" aria-valuemax=\"100\" aria-valuenow=\"98\"><\/div><\/div> <span class=\"progress-title\" style=\"color:#424747;\"><span class=\"fusion-progressbar-text\">MUEBLES<\/span> <span class=\"fusion-progressbar-value\">98%<\/span><\/span><\/div><div class=\"fusion-sep-clear\"><\/div><div class=\"fusion-separator fusion-full-width-sep sep-none\" style=\"margin-left: auto;margin-right: auto;margin-top:40px;\"><\/div><div class=\"fusion-clearfix\"><\/div>\n\n\t\t\t\t\t<\/div>\n\t\t\t\t<\/div><\/div><\/div><\/p>\n","protected":false},"excerpt":{"rendered":"","protected":false},"author":1,"featured_media":0,"parent":0,"menu_order":0,"comment_status":"closed","ping_status":"closed","template":"","meta":{"footnotes":""},"class_list":["post-1413","page","type-page","status-publish","hentry"],"_links":{"self":[{"href":"https:\/\/jedisseny.com\/es\/wp-json\/wp\/v2\/pages\/1413","targetHints":{"allow":["GET"]}}],"collection":[{"href":"https:\/\/jedisseny.com\/es\/wp-json\/wp\/v2\/pages"}],"about":[{"href":"https:\/\/jedisseny.com\/es\/wp-json\/wp\/v2\/types\/page"}],"author":[{"embeddable":true,"href":"https:\/\/jedisseny.com\/es\/wp-json\/wp\/v2\/users\/1"}],"replies":[{"embeddable":true,"href":"https:\/\/jedisseny.com\/es\/wp-json\/wp\/v2\/comments?post=1413"}],"version-history":[{"count":8,"href":"https:\/\/jedisseny.com\/es\/wp-json\/wp\/v2\/pages\/1413\/revisions"}],"predecessor-version":[{"id":1509,"href":"https:\/\/jedisseny.com\/es\/wp-json\/wp\/v2\/pages\/1413\/revisions\/1509"}],"wp:attachment":[{"href":"https:\/\/jedisseny.com\/es\/wp-json\/wp\/v2\/media?parent=1413"}],"curies":[{"name":"wp","href":"https:\/\/api.w.org\/{rel}","templated":true}]}}